{"id":238946,"date":"2025-05-01T00:42:37","date_gmt":"2025-05-01T00:42:37","guid":{"rendered":"https:\/\/xenonpictures.com\/wp\/?page_id=238946"},"modified":"2025-05-01T00:47:59","modified_gmt":"2025-05-01T00:47:59","slug":"daywithoutamexicantheater-ad","status":"publish","type":"page","link":"https:\/\/xenonpictures.com\/wp\/daywithoutamexicantheater-ad\/","title":{"rendered":"A Day Without a Mexican | ENTER CODE"},"content":{"rendered":"<p>[et_pb_section fb_built=&#8221;1&#8243; _builder_version=&#8221;4.24.0&#8243; _module_preset=&#8221;default&#8221; global_colors_info=&#8221;{}&#8221;][et_pb_row _builder_version=&#8221;4.24.0&#8243; _module_preset=&#8221;default&#8221; custom_padding=&#8221;||0px|||&#8221; global_colors_info=&#8221;{}&#8221;][et_pb_column type=&#8221;4_4&#8243; _builder_version=&#8221;4.24.0&#8243; _module_preset=&#8221;default&#8221; global_colors_info=&#8221;{}&#8221;][et_pb_menu menu_id=&#8221;132&#8243; menu_style=&#8221;centered&#8221; _builder_version=&#8221;4.27.4&#8243; _module_preset=&#8221;default&#8221; menu_font=&#8221;Bebas Neue||||||||&#8221; global_colors_info=&#8221;{}&#8221;][\/et_pb_menu][et_pb_image src=&#8221;https:\/\/xenonpictures.com\/wp\/wp-content\/uploads\/2024\/09\/ADWM-logo.png&#8221; title_text=&#8221;ADWM-logo&#8221; _builder_version=&#8221;4.24.0&#8243; _module_preset=&#8221;default&#8221; width=&#8221;34%&#8221; module_alignment=&#8221;center&#8221; custom_padding=&#8221;||0px|||&#8221; global_colors_info=&#8221;{}&#8221;][\/et_pb_image][\/et_pb_column][\/et_pb_row][et_pb_row _builder_version=&#8221;4.24.0&#8243; _module_preset=&#8221;default&#8221; custom_padding=&#8221;0px|||||&#8221; global_colors_info=&#8221;{}&#8221;][et_pb_column type=&#8221;4_4&#8243; _builder_version=&#8221;4.24.0&#8243; _module_preset=&#8221;default&#8221; global_colors_info=&#8221;{}&#8221;][et_pb_code _builder_version=&#8221;4.27.4&#8243; _module_preset=&#8221;default&#8221; custom_margin=&#8221;58px|||||&#8221; hover_enabled=&#8221;0&#8243; global_colors_info=&#8221;{}&#8221; sticky_enabled=&#8221;0&#8243;]\r\n<div class=\"cmicca-accesscode-container\" data-key=>\r\n\r\n    \r\n            <h3>\r\n            Access Code        <\/h3>\r\n    \r\n            <div class=\"cmicca-form-text\">Please enter your access code.<\/div>\r\n    \r\n    \r\n        \r\n\r\n        <form class=\"cmicca-accesscode-form\">\r\n\r\n            \r\n            \r\n                            \r\n<div class=\"cmicca-access-code-form view-1\">\r\n    <div class=\"cmicca-login-field\">\r\n\r\n\t\t\r\n\t\t\r\n\t\t\t                <label>Enter access code<\/label>\r\n\t\t\t\r\n            <div class=\"cmicca-password-block\">\r\n                <input type=\"text\"\r\n                       autocomplete=\"off\"\r\n                       name=\"cmicca_accesscode_value\" class=\"cmicca_accesscode_value\"\r\n                       placeholder=\"Enter access code\" \/>\r\n\r\n\t\t\t\t            <\/div>\r\n\r\n\t\t\r\n\t\t\r\n\t\t    <\/div>\r\n\r\n    <div class=\"cmicca-buttons-field\">\r\n\t\t<input type=\"hidden\" name=\"cmicca_accesscode_action\" id=\"cmicca_accesscode_action\" value=\"cmicca_access_code_check\" \/>\r\n<input type=\"hidden\" name=\"cmicca_accesscode_view\" class=\"cmicca_accesscode_view\" value=\"one\" \/>\r\n<input type=\"hidden\" name=\"cmicca_accesscode_required_msg\" id=\"cmicca_accesscode_required_msg\" value=\"Access code is required\" \/>\r\n<input type=\"hidden\" name=\"cmicca_email_required_msg\" id=\"cmicca_email_required_msg\" value=\"Correct email is required\" \/>\r\n<input type=\"hidden\" name=\"cmicca_accesscode_2fa_required_msg\" id=\"cmicca_accesscode_2fa_required_msg\" value=\"Verification code is required\" \/>\r\n<input type=\"hidden\" name=\"cmicca_accesscode_2fa_text\" id=\"cmicca_accesscode_2fa_text\" value=\"Please enter verification code\" \/>\r\n<input type=\"hidden\" name=\"cmicca_form_type\" value=\"post_page_url\" \/>\r\n\r\n<input type=\"hidden\" name=\"target_post_id\" id=\"cmicca_target_post_id\" value=\"0\" \/>\r\n\t\t\r\n        <button type=\"submit\"\r\n                class=\"cmicca_accesscode_trigger \">\r\n\t\t\tEnter        <\/button>\r\n    <\/div>\r\n<\/div>\r\n\r\n                    <\/form>\r\n\r\n    <\/div>\r\n[\/et_pb_code][\/et_pb_column][\/et_pb_row][et_pb_row _builder_version=&#8221;4.24.0&#8243; _module_preset=&#8221;default&#8221; global_colors_info=&#8221;{}&#8221;][et_pb_column type=&#8221;4_4&#8243; _builder_version=&#8221;4.24.0&#8243; _module_preset=&#8221;default&#8221; global_colors_info=&#8221;{}&#8221;][et_pb_text _builder_version=&#8221;4.27.4&#8243; _module_preset=&#8221;default&#8221; text_line_height=&#8221;1.1em&#8221; global_colors_info=&#8221;{}&#8221;]<\/p>\n<p style=\"text-align: center;\">\u200b<strong>Enter your code<\/strong>\u00a0which arrived via an email with the subject \u201cAccess Code \u2013 Day Without A Mexican\u201d.<\/p>\n<p style=\"text-align: center;\">You can\u00a0<strong>play the film full screen<\/strong> by clicking the icon in the lower right corner of the player.<br \/><strong><br \/>Be sure to turn your sound on<\/strong>!<\/p>\n<p style=\"text-align: center;\">Depending on your connection speed, the film\u00a0<em>may<\/em>\u00a0look a little blurry at first. Should last no more than a minute.<\/p>\n<p style=\"text-align: center;\"><strong>Spanish subtitles<\/strong>\u00a0can be turned on with another of the icons on the lower right.<\/p>\n<p style=\"text-align: center;\">ENJOY!<\/p>\n<p style=\"text-align: center;\">If you did NOT get a code, please write <a href=\"mailto:ordersupport@xenonpictures.com\">ordersupport@xenonpictures.com<\/a><\/p>\n<p><\/p>\n<p class=\"ydpb3293ac0yiv9562692382ydp51d3291byiv1885364927p1\" style=\"text-align: center;\"><span class=\"ydpb3293ac0yiv9562692382ydp51d3291byiv1885364927s1\"><strong>Ingresa el c\u00f3digo<\/strong> que te lleg\u00f3 por correo electr\u00f3nico con el asunto \u201cC\u00f3digo de acceso \u2013 Un D\u00eda Sin Mexicanos\u201d.<\/span><\/p>\n<p class=\"ydpb3293ac0yiv9562692382ydp51d3291byiv1885364927p1\" style=\"text-align: center;\"><span class=\"ydpb3293ac0yiv9562692382ydp51d3291byiv1885364927s1\">Puedes <strong>reproducir la pel\u00edcula en pantalla completa<\/strong> haciendo clic en el \u00edcono que se encuentra en la esquina inferior derecha del reproductor.<\/span><\/p>\n<p class=\"ydpb3293ac0yiv9562692382ydp51d3291byiv1885364927p1\" style=\"text-align: center;\"><span class=\"ydpb3293ac0yiv9562692382ydp51d3291byiv1885364927s1\"><strong>\u00a1Aseg\u00farate de activar el sonido!<\/strong><\/span><\/p>\n<p class=\"ydpb3293ac0yiv9562692382ydp51d3291byiv1885364927p1\" style=\"text-align: center;\"><span class=\"ydpb3293ac0yiv9562692382ydp51d3291byiv1885364927s1\">Dependiendo de la velocidad de tu conexi\u00f3n, la pel\u00edcula puede verse un poco borrosa al principio. Esto no debe durar m\u00e1s de un minuto.<\/span><\/p>\n<p class=\"ydpb3293ac0yiv9562692382ydp51d3291byiv1885364927p1\" style=\"text-align: center;\"><span class=\"ydpb3293ac0yiv9562692382ydp51d3291byiv1885364927s1\"><strong>Los subt\u00edtulos en espa\u00f1ol<\/strong> se pueden activar con otro de los \u00edconos que se encuentran en la esquina inferior derecha.<\/span><\/p>\n<p class=\"ydpb3293ac0yiv9562692382ydp51d3291byiv1885364927p1\" style=\"text-align: center;\"><span class=\"ydpb3293ac0yiv9562692382ydp51d3291byiv1885364927s1\">\u00a1DISFRUTALA!<\/span><\/p>\n<p>&nbsp;<\/p>\n<p>[\/et_pb_text][\/et_pb_column][\/et_pb_row][\/et_pb_section]<\/p>\n","protected":false},"excerpt":{"rendered":"<p>\r\n<div class=\"cmicca-accesscode-container\" data-key=>\r\n\r\n    \r\n            <h3>\r\n            Access Code        <\/h3>\r\n    \r\n            <div class=\"cmicca-form-text\">Please enter your access code.<\/div>\r\n    \r\n    \r\n        \r\n\r\n        <form class=\"cmicca-accesscode-form\">\r\n\r\n            \r\n            \r\n                            \r\n<div class=\"cmicca-access-code-form view-1\">\r\n    <div class=\"cmicca-login-field\">\r\n\r\n\t\t\r\n\t\t\r\n\t\t\t                <label>Enter access code<\/label>\r\n\t\t\t\r\n            <div class=\"cmicca-password-block\">\r\n                <input type=\"text\"\r\n                       autocomplete=\"off\"\r\n                       name=\"cmicca_accesscode_value\" class=\"cmicca_accesscode_value\"\r\n                       placeholder=\"Enter access code\" \/>\r\n\r\n\t\t\t\t            <\/div>\r\n\r\n\t\t\r\n\t\t\r\n\t\t    <\/div>\r\n\r\n    <div class=\"cmicca-buttons-field\">\r\n\t\t<input type=\"hidden\" name=\"cmicca_accesscode_action\" id=\"cmicca_accesscode_action\" value=\"cmicca_access_code_check\" \/>\r\n<input type=\"hidden\" name=\"cmicca_accesscode_view\" class=\"cmicca_accesscode_view\" value=\"one\" \/>\r\n<input type=\"hidden\" name=\"cmicca_accesscode_required_msg\" id=\"cmicca_accesscode_required_msg\" value=\"Access code is required\" \/>\r\n<input type=\"hidden\" name=\"cmicca_email_required_msg\" id=\"cmicca_email_required_msg\" value=\"Correct email is required\" \/>\r\n<input type=\"hidden\" name=\"cmicca_accesscode_2fa_required_msg\" id=\"cmicca_accesscode_2fa_required_msg\" value=\"Verification code is required\" \/>\r\n<input type=\"hidden\" name=\"cmicca_accesscode_2fa_text\" id=\"cmicca_accesscode_2fa_text\" value=\"Please enter verification code\" \/>\r\n<input type=\"hidden\" name=\"cmicca_form_type\" value=\"post_page_url\" \/>\r\n\r\n<input type=\"hidden\" name=\"target_post_id\" id=\"cmicca_target_post_id\" value=\"0\" \/>\r\n\t\t\r\n        <button type=\"submit\"\r\n                class=\"cmicca_accesscode_trigger \">\r\n\t\t\tEnter        <\/button>\r\n    <\/div>\r\n<\/div>\r\n\r\n                    <\/form>\r\n\r\n    <\/div>\r\n\u200bEnter your code\u00a0which arrived via an email with the subject \u201cAccess Code \u2013 Day Without A Mexican\u201d. You can\u00a0play the film full screen by clicking the icon in the lower right corner of the player.Be sure to turn your sound on! Depending on your connection speed, the film\u00a0may\u00a0look a little blurry at first. Should last [&hellip;]<\/p>\n","protected":false},"author":1,"featured_media":0,"parent":0,"menu_order":0,"comment_status":"closed","ping_status":"closed","template":"","meta":{"_et_pb_use_builder":"on","_et_pb_old_content":"","_et_gb_content_width":"","footnotes":""},"class_list":["post-238946","page","type-page","status-publish","hentry"],"_links":{"self":[{"href":"https:\/\/xenonpictures.com\/wp\/wp-json\/wp\/v2\/pages\/238946","targetHints":{"allow":["GET"]}}],"collection":[{"href":"https:\/\/xenonpictures.com\/wp\/wp-json\/wp\/v2\/pages"}],"about":[{"href":"https:\/\/xenonpictures.com\/wp\/wp-json\/wp\/v2\/types\/page"}],"author":[{"embeddable":true,"href":"https:\/\/xenonpictures.com\/wp\/wp-json\/wp\/v2\/users\/1"}],"replies":[{"embeddable":true,"href":"https:\/\/xenonpictures.com\/wp\/wp-json\/wp\/v2\/comments?post=238946"}],"version-history":[{"count":1,"href":"https:\/\/xenonpictures.com\/wp\/wp-json\/wp\/v2\/pages\/238946\/revisions"}],"predecessor-version":[{"id":238952,"href":"https:\/\/xenonpictures.com\/wp\/wp-json\/wp\/v2\/pages\/238946\/revisions\/238952"}],"wp:attachment":[{"href":"https:\/\/xenonpictures.com\/wp\/wp-json\/wp\/v2\/media?parent=238946"}],"curies":[{"name":"wp","href":"https:\/\/api.w.org\/{rel}","templated":true}]}}